{"id":78,"date":"2023-06-30T13:06:26","date_gmt":"2023-06-30T16:06:26","guid":{"rendered":"https:\/\/leiloeirosrurais.com.br\/?page_id=78"},"modified":"2023-06-30T13:10:03","modified_gmt":"2023-06-30T16:10:03","slug":"cookies","status":"publish","type":"page","link":"https:\/\/leiloeirosrurais.com.br\/?page_id=78","title":{"rendered":"Cookies"},"content":{"rendered":"\n<p>Este site utiliza cookies para melhorar a experi\u00eancia de navega\u00e7\u00e3o e fornecer funcionalidades extra. Nenhuns dos dados relacionados ser\u00e3o utilizados para identifica-lo ou contacta-lo.<\/p>\n\n\n\n<p>Este site utiliza cookies de sites de terceiros, veja os detalhes da nossa <a href=\"https:\/\/leiloeirosrurais.com.br\/?page_id=75\">Pol\u00edtica de Prote\u00e7\u00e3o de Dados<\/a>.<\/p>\n\n\n\n<p>Este site utiliza cookies de rastreamento, veja os detalhes da nossa <a href=\"https:\/\/leiloeirosrurais.com.br\/?page_id=75\">Pol\u00edtica de Prote\u00e7\u00e3o de Dados<\/a>.<\/p>\n\n\n\n<p>Para ver mais detalhes sobre como este site utiliza cookies ou localStorage, por favor leia o nossa <a href=\"https:\/\/leiloeirosrurais.com.br\/?page_id=75\">Pol\u00edtica de Prote\u00e7\u00e3o de Dados<\/a>.<\/p>\n\n\n\n<p>Ao clicar em &#8220;Aceitar&#8221;, d\u00e1 permiss\u00e3o a este site para guardar pequenos blocos de bits de dados no seu dispositivo.<\/p>\n\n\n\n<p>Para aprender mais sobre cookies e localStorage, visite <a href=\"http:\/\/ico.org.uk\/for_organisations\/privacy_and_electronic_communications\/the_guide\/cookies\">Information Commissioner&#8217;s Office<\/a>.<\/p>\n\n\n\n<p>Para desabilitar todos os cookies atrav\u00e9s do navegador, clique no nome do seu navegador e siga as instru\u00e7\u00f5es:<br><a href=\"https:\/\/support.google.com\/accounts\/answer\/61416?hl=en\">Google Chrome<\/a> &#8211; <a href=\"https:\/\/support.mozilla.org\/en-GB\/kb\/enable-and-disable-cookies-website-preferences\">Mozilla Firefox<\/a> &#8211; <a href=\"http:\/\/windows.microsoft.com\/en-gb\/internet-explorer\/delete-manage-cookies#ie=ie-11\">Internet Explorer<\/a> &#8211; <a href=\"https:\/\/help.opera.com\/en\/latest\/web-preferences\/#cookies\">Opera<\/a> &#8211; <a href=\"https:\/\/support.apple.com\/pt-br\/guide\/safari\/sfri11471\/mac\">Safari<\/a><\/p>\n","protected":false},"excerpt":{"rendered":"<p>Este site utiliza cookies para melhorar a experi\u00eancia de navega\u00e7\u00e3o e fornecer funcionalidades extra. Nenhuns dos dados relacionados ser\u00e3o utilizados para identifica-lo ou contacta-lo. Este site<span class=\"excerpt-hellip\"> [\u2026]<\/span><\/p>\n","protected":false},"author":1,"featured_media":0,"parent":0,"menu_order":0,"comment_status":"closed","ping_status":"closed","template":"","meta":{"footnotes":""},"class_list":["post-78","page","type-page","status-publish","hentry"],"_links":{"self":[{"href":"https:\/\/leiloeirosrurais.com.br\/index.php?rest_route=\/wp\/v2\/pages\/78","targetHints":{"allow":["GET"]}}],"collection":[{"href":"https:\/\/leiloeirosrurais.com.br\/index.php?rest_route=\/wp\/v2\/pages"}],"about":[{"href":"https:\/\/leiloeirosrurais.com.br\/index.php?rest_route=\/wp\/v2\/types\/page"}],"author":[{"embeddable":true,"href":"https:\/\/leiloeirosrurais.com.br\/index.php?rest_route=\/wp\/v2\/users\/1"}],"replies":[{"embeddable":true,"href":"https:\/\/leiloeirosrurais.com.br\/index.php?rest_route=%2Fwp%2Fv2%2Fcomments&post=78"}],"version-history":[{"count":2,"href":"https:\/\/leiloeirosrurais.com.br\/index.php?rest_route=\/wp\/v2\/pages\/78\/revisions"}],"predecessor-version":[{"id":80,"href":"https:\/\/leiloeirosrurais.com.br\/index.php?rest_route=\/wp\/v2\/pages\/78\/revisions\/80"}],"wp:attachment":[{"href":"https:\/\/leiloeirosrurais.com.br\/index.php?rest_route=%2Fwp%2Fv2%2Fmedia&parent=78"}],"curies":[{"name":"wp","href":"https:\/\/api.w.org\/{rel}","templated":true}]}}